{"id":2366,"date":"2018-01-16T15:38:23","date_gmt":"2018-01-16T15:38:23","guid":{"rendered":"https:\/\/ranbron.bolvosites.com\/?page_id=2366"},"modified":"2026-01-26T13:34:15","modified_gmt":"2026-01-26T13:34:15","slug":"contact","status":"publish","type":"page","link":"http:\/\/pharaohs.com.tr\/tr\/contact\/","title":{"rendered":"Bize Ula\u015f\u0131n"},"content":{"rendered":"<div class=\"wpb-content-wrapper\"><div class=\"vc_row wpb_row vc_row-fluid contact-page\"><div class=\"wpb_column vc_column_container vc_col-sm-12\"><div class=\"vc_column-inner\"><div class=\"wpb_wrapper\"><h2 style=\"text-align: left\" class=\"vc_custom_heading vc_do_custom_heading\" >PHARAOHS FOR CARPET &amp; POLYESTER STAPLE FIBER (SIDRA)<\/h2>\n\t<div class=\"wpb_text_column wpb_content_element\" >\n\t\t<div class=\"wpb_wrapper\">\n\t\t\t<p>Herhangi bir sorunuz veya bilgiye ihtiyac\u0131n\u0131z oldu\u011funda size yard\u0131mc\u0131 olmak i\u00e7in buraday\u0131z. \u00dcr\u00fcnlerimiz hakk\u0131nda sorular\u0131n\u0131z, belirli detaylar ya da birlikte \u00e7al\u0131\u015fma f\u0131rsatlar\u0131n\u0131 ke\u015ffetmek istiyorsan\u0131z, l\u00fctfen bizimle ileti\u015fime ge\u00e7in. Ekibimiz, h\u0131zl\u0131 ve ki\u015fiselle\u015ftirilmi\u015f destek sa\u011flamak i\u00e7in haz\u0131r bulunmaktad\u0131r.<\/p>\n\n\t\t<\/div>\n\t<\/div>\n<div class=\"vc_empty_space\"   style=\"height: 50px\"><span class=\"vc_empty_space_inner\"><\/span><\/div><div class=\"vc_row wpb_row vc_inner vc_row-fluid\"><div class=\"wpb_column vc_column_container vc_col-sm-8\"><div class=\"vc_column-inner\"><div class=\"wpb_wrapper\">\n<div class=\"wpcf7 no-js\" id=\"wpcf7-f2370-o1\" lang=\"en-US\" dir=\"ltr\" data-wpcf7-id=\"2370\">\n<div class=\"screen-reader-response\"><p role=\"status\" aria-live=\"polite\" aria-atomic=\"true\"><\/p> <ul><\/ul><\/div>\n<form action=\"\/tr\/wp-json\/wp\/v2\/pages\/2366#wpcf7-f2370-o1\" method=\"post\" class=\"wpcf7-form init demo\" aria-label=\"Contact form\" novalidate=\"novalidate\" data-status=\"init\" data-trp-original-action=\"\/tr\/wp-json\/wp\/v2\/pages\/2366#wpcf7-f2370-o1\">\n<fieldset class=\"hidden-fields-container\"><input type=\"hidden\" name=\"_wpcf7\" value=\"2370\" \/><input type=\"hidden\" name=\"_wpcf7_version\" value=\"6.1.5\" \/><input type=\"hidden\" name=\"_wpcf7_locale\" value=\"en_US\" \/><input type=\"hidden\" name=\"_wpcf7_unit_tag\" value=\"wpcf7-f2370-o1\" \/><input type=\"hidden\" name=\"_wpcf7_container_post\" value=\"0\" \/><input type=\"hidden\" name=\"_wpcf7_posted_data_hash\" value=\"\" \/>\n<\/fieldset>\n<div class=\"contactpage contact-form\">\n\t<p class=\"note\">* ile i\u015faretlenmi\u015f alanlar zorunludur.\n\t<\/p>\n\t<p><label class=\"input-label\">\u0130sim *<\/label><span class=\"wpcf7-form-control-wrap\" data-name=\"your-name\"><input size=\"40\" maxlength=\"400\" class=\"wpcf7-form-control wpcf7-text wpcf7-validates-as-required tt_input\" aria-required=\"true\" aria-invalid=\"false\" value=\"\" type=\"text\" name=\"your-name\" \/><\/span><br \/>\n<label class=\"input-label\">Eposta *<\/label><span class=\"wpcf7-form-control-wrap\" data-name=\"your-email\"><input size=\"40\" maxlength=\"400\" class=\"wpcf7-form-control wpcf7-email wpcf7-validates-as-required wpcf7-text wpcf7-validates-as-email tt_input\" aria-required=\"true\" aria-invalid=\"false\" value=\"\" type=\"email\" name=\"your-email\" \/><\/span><br \/>\n<label class=\"input-label\">Mesaj\u0131n\u0131z *<\/label><span class=\"wpcf7-form-control-wrap\" data-name=\"your-message\"><textarea cols=\"40\" rows=\"10\" maxlength=\"2000\" class=\"wpcf7-form-control wpcf7-textarea tt_textarea\" aria-invalid=\"false\" name=\"your-message\"><\/textarea><\/span><br \/>\n<input class=\"wpcf7-form-control wpcf7-submit has-spinner tt_submit\" type=\"submit\" value=\"G\u00f6nder\" \/>\n\t<\/p>\n<\/div><div class=\"wpcf7-response-output\" aria-hidden=\"true\"><\/div>\n<input type=\"hidden\" name=\"trp-form-language\" value=\"tr\"\/><\/form>\n<\/div>\n<\/div><\/div><\/div><div class=\"contact-info inner wpb_column vc_column_container vc_col-sm-4\"><div class=\"vc_column-inner\"><div class=\"wpb_wrapper\">\n\t<div class=\"wpb_text_column wpb_content_element single-contact-info\" >\n\t\t<div class=\"wpb_wrapper\">\n\t\t\t\n\t\t<\/div>\n\t<\/div>\n\n\t<div class=\"wpb_text_column wpb_content_element single-contact-info\" >\n\t\t<div class=\"wpb_wrapper\">\n\t\t\t<h4>Fabrika :<\/h4>\n<p>Block A1, Phase I, Industrial District, Koum Oushim, Fayoum &#8211; Egypt<\/p>\n\n\t\t<\/div>\n\t<\/div>\n\n\t<div class=\"wpb_text_column wpb_content_element single-contact-info\" >\n\t\t<div class=\"wpb_wrapper\">\n\t\t\t<h4>Ofis :<\/h4>\n<p>11 Al Doki, Ad Doqi, Dokki, Giza Governorate 3750302, Egypt<\/p>\n\n\t\t<\/div>\n\t<\/div>\n\n\t<div class=\"wpb_text_column wpb_content_element single-contact-info\" >\n\t\t<div class=\"wpb_wrapper\">\n\t\t\t<h4>Telefon :<\/h4>\n<p>+90 232 232 0 CLV (258)<br \/>\n+90 532 499 0435<\/p>\n\n\t\t<\/div>\n\t<\/div>\n\n\t<div class=\"wpb_text_column wpb_content_element single-contact-info\" >\n\t\t<div class=\"wpb_wrapper\">\n\t\t\t<h4>EPosta :<\/h4>\n<p>info@paharaohs.com.tr<\/p>\n\n\t\t<\/div>\n\t<\/div>\n<\/div><\/div><\/div><\/div><\/div><\/div><\/div><\/div><div data-vc-full-width=\"true\" data-vc-full-width-init=\"false\" data-vc-stretch-content=\"true\" class=\"vc_row wpb_row vc_row-fluid vc_row-no-padding\"><div class=\"wpb_column vc_column_container vc_col-sm-12\"><div class=\"vc_column-inner\"><div class=\"wpb_wrapper\"><div class=\"wpb_gmaps_widget wpb_content_element\"><div class=\"wpb_wrapper\"><div class=\"wpb_map_wraper\"><iframe src=\"https:\/\/www.google.com\/maps\/embed?pb=!1m18!1m12!1m3!1d5154.205303122271!2d31.209734912415737!3d30.033210874824853!2m3!1f0!2f0!3f0!3m2!1i1024!2i768!4f13.1!3m3!1m2!1s0x145846d6beec381f%3A0x8812f6c1236c441b!2sPharaohFiber!5e1!3m2!1sen!2str!4v1727886503052!5m2!1sen!2str\" width=\"600\" height=\"550\" style=\"border:0;\" allowfullscreen=\"\" loading=\"lazy\" referrerpolicy=\"no-referrer-when-downgrade\"><\/iframe><\/div><\/div><\/div><\/div><\/div><\/div><\/div><div class=\"vc_row-full-width\"><\/div>\n<\/div>","protected":false},"excerpt":{"rendered":"PHARAOHS FOR CARPET &amp; POLYESTER STAPLE FIBER (SIDRA) We\u2019re here to assist you with any inquiries or information you need. Whether you have questions about our products, need specific details, or want to explore partnership opportunities, feel free to reach out. Our team is ready to provide prompt and personalized support. Fields marked with an [...]","protected":false},"author":1,"featured_media":0,"parent":0,"menu_order":0,"comment_status":"closed","ping_status":"closed","template":"","meta":{"footnotes":""},"class_list":["post-2366","page","type-page","status-publish","hentry"],"_links":{"self":[{"href":"http:\/\/pharaohs.com.tr\/tr\/wp-json\/wp\/v2\/pages\/2366","targetHints":{"allow":["GET"]}}],"collection":[{"href":"http:\/\/pharaohs.com.tr\/tr\/wp-json\/wp\/v2\/pages"}],"about":[{"href":"http:\/\/pharaohs.com.tr\/tr\/wp-json\/wp\/v2\/types\/page"}],"author":[{"embeddable":true,"href":"http:\/\/pharaohs.com.tr\/tr\/wp-json\/wp\/v2\/users\/1"}],"replies":[{"embeddable":true,"href":"http:\/\/pharaohs.com.tr\/tr\/wp-json\/wp\/v2\/comments?post=2366"}],"version-history":[{"count":9,"href":"http:\/\/pharaohs.com.tr\/tr\/wp-json\/wp\/v2\/pages\/2366\/revisions"}],"predecessor-version":[{"id":3129,"href":"http:\/\/pharaohs.com.tr\/tr\/wp-json\/wp\/v2\/pages\/2366\/revisions\/3129"}],"wp:attachment":[{"href":"http:\/\/pharaohs.com.tr\/tr\/wp-json\/wp\/v2\/media?parent=2366"}],"curies":[{"name":"wp","href":"https:\/\/api.w.org\/{rel}","templated":true}]}}