{"id":2822,"date":"2018-07-30T14:08:30","date_gmt":"2018-07-30T14:08:30","guid":{"rendered":"https:\/\/ranbron.bolvosites.com\/?page_id=2820"},"modified":"2024-10-02T14:17:39","modified_gmt":"2024-10-02T14:17:39","slug":"about-us","status":"publish","type":"page","link":"http:\/\/pharaohs.com.tr\/tr\/about-us\/","title":{"rendered":"Firmam\u0131z Hakk\u0131nda"},"content":{"rendered":"<div class=\"wpb-content-wrapper\"><div data-vc-full-width=\"true\" data-vc-full-width-init=\"false\" class=\"vc_row wpb_row vc_row-fluid about-section about-page vc_custom_1531366134122\"><div class=\"wpb_column vc_column_container vc_col-sm-12\"><div class=\"vc_column-inner\"><div class=\"wpb_wrapper\">\n\t<div class=\"wpb_text_column wpb_content_element\" >\n\t\t<div class=\"wpb_wrapper\">\n\t\t\t<p>1982 y\u0131l\u0131nda Kahire, M\u0131s\u0131r'da Mr. Mostafa Azzam taraf\u0131ndan kurulan Pharaoh Fiber, k\u00fc\u00e7\u00fck bir aile i\u015fletmesinden b\u00f6lgedeki \u00f6nde gelen monofilament \u00fcreticilerinden birine d\u00f6n\u00fc\u015fm\u00fc\u015ft\u00fcr. Son on y\u0131lda Mr. Azzam'\u0131n o\u011fullar\u0131 Khaled ve Hatem'in kat\u0131l\u0131m\u0131yla, aile de\u011ferlerimize ba\u011fl\u0131 kalmaya devam ettik ve hem M\u0131s\u0131r i\u00e7inde hem de d\u0131\u015f\u0131nda \u00fcr\u00fcn kalitesi, m\u00fc\u015fteri ili\u015fkileri ve ola\u011fan\u00fcst\u00fc hizmet a\u00e7\u0131s\u0131ndan rakiplerimizi geride b\u0131rakt\u0131k.<\/p>\n\n\t\t<\/div>\n\t<\/div>\n\n\t<div class=\"wpb_text_column wpb_content_element\" >\n\t\t<div class=\"wpb_wrapper\">\n\t\t\t<p class=\"highlight\">Ser\u00fcvenimiz<\/p>\n\n\t\t<\/div>\n\t<\/div>\n<div class=\"vc_empty_space\"   style=\"height: 30px\"><span class=\"vc_empty_space_inner\"><\/span><\/div>\n\t<div class=\"wpb_text_column wpb_content_element\" >\n\t\t<div class=\"wpb_wrapper\">\n\t\t\t<p>Pharaoh Fiber, PVC ve PP monofilament lifleri \u00fcretmeye ba\u015flayarak yolculu\u011funa ad\u0131m atm\u0131\u015ft\u0131r ve Afrika ile Orta Do\u011fu'da ilk sentetik lif \u00fcreticisi olmu\u015ftur. 1980'lerde M\u0131s\u0131r pazar\u0131nda f\u0131r\u00e7a ve s\u00fcp\u00fcrge \u00fcreticilerine tek tedarik\u00e7i olarak gururla hizmet vermi\u015ftir. 1990'larda daha y\u00fcksek hedefler belirleyerek yerel pazar\u0131n \u00f6tesine ge\u00e7meyi ba\u015farm\u0131\u015f ve Arabistan ile Afrika b\u00f6lgelerini kapsayan bir geni\u015fleme s\u00fcrecine girmi\u015ftir.<\/p>\n<p>H\u0131rs\u0131m\u0131z ve m\u00fccadele ruhumuz, yirmi birinci y\u00fczy\u0131lda daha b\u00fcy\u00fck hedefler pe\u015finde ko\u015fmam\u0131za yol a\u00e7t\u0131. 2004 y\u0131l\u0131nda, uluslararas\u0131 pazara \u00fcr\u00fcnlerimizi tan\u0131tma f\u0131rsat\u0131n\u0131 yakalamak i\u00e7in Interbrush Fuar\u0131'na kat\u0131larak \u00f6nemli bir ad\u0131m att\u0131k.<\/p>\n\n\t\t<\/div>\n\t<\/div>\n<div class=\"vc_row wpb_row vc_inner vc_row-fluid\"><div class=\"wpb_column vc_column_container vc_col-sm-12\"><div class=\"vc_column-inner\"><div class=\"wpb_wrapper\">\n\t<div  class=\"wpb_single_image wpb_content_element vc_align_center wpb_content_element\">\n\t\t\n\t\t<figure class=\"wpb_wrapper vc_figure\">\n\t\t\t<div class=\"vc_single_image-wrapper vc_box_rounded  vc_box_border_grey\"><img loading=\"lazy\" decoding=\"async\" width=\"1096\" height=\"704\" src=\"http:\/\/pharaohs.com.tr\/wp-content\/uploads\/2024\/10\/map01.jpg\" class=\"vc_single_image-img attachment-full\" alt=\"\" title=\"\" srcset=\"http:\/\/pharaohs.com.tr\/wp-content\/uploads\/2024\/10\/map01.jpg 1096w, http:\/\/pharaohs.com.tr\/wp-content\/uploads\/2024\/10\/map01-300x193.jpg 300w, http:\/\/pharaohs.com.tr\/wp-content\/uploads\/2024\/10\/map01-1024x658.jpg 1024w, http:\/\/pharaohs.com.tr\/wp-content\/uploads\/2024\/10\/map01-768x493.jpg 768w\" sizes=\"auto, (max-width: 1096px) 100vw, 1096px\" \/><\/div>\n\t\t<\/figure>\n\t<\/div>\n<\/div><\/div><\/div><\/div>\n\t<div class=\"wpb_text_column wpb_content_element\" >\n\t\t<div class=\"wpb_wrapper\">\n\t\t\t<p class=\"highlight\">Geli\u015fim S\u00fcrecimiz<\/p>\n\n\t\t<\/div>\n\t<\/div>\n<div class=\"vc_empty_space\"   style=\"height: 32px\"><span class=\"vc_empty_space_inner\"><\/span><\/div>\n\t<div class=\"wpb_text_column wpb_content_element\" >\n\t\t<div class=\"wpb_wrapper\">\n\t\t\t<p>2008 y\u0131l\u0131nda, PVC \u00fcretimi i\u00e7in Plasticfibre ile bir ortakl\u0131k kurma f\u0131rsat\u0131n\u0131 yakalad\u0131k. Onlar\u0131n sa\u011flad\u0131\u011f\u0131 teknik destek ve geni\u015f bilgi birikimi sayesinde PVC \u00fcretim yeteneklerimizi \u00f6nemli \u00f6l\u00e7\u00fcde art\u0131rarak sekt\u00f6rdeki \u00f6nde gelen \u015firketlerle rekabet edebilen bir konuma geldik.<\/p>\n<p>2014 y\u0131l\u0131nda, PET monofilament \u00fcretimindeki k\u00fcresel de\u011fi\u015fimi g\u00f6zlemleyerek stratejimizi PET lif \u00fcretimini de kapsayacak \u015fekilde g\u00fcncelledik. 2015 y\u0131l\u0131 itibar\u0131yla, PVC ve PP sentetik liflerimizin yan\u0131na PET lifleri ekleyerek k\u00fcresel talebi kar\u015f\u0131lama ve uluslararas\u0131 rekabet\u00e7ili\u011fimizi s\u00fcrd\u00fcrme konusunda \u00f6nemli bir ad\u0131m att\u0131k.<\/p>\n\n\t\t<\/div>\n\t<\/div>\n\n\t<div class=\"wpb_text_column wpb_content_element\" >\n\t\t<div class=\"wpb_wrapper\">\n\t\t\t<p class=\"highlight\">Taahh\u00fcd\u00fcm\u00fcz<\/p>\n\n\t\t<\/div>\n\t<\/div>\n<div class=\"vc_empty_space\"   style=\"height: 32px\"><span class=\"vc_empty_space_inner\"><\/span><\/div>\n\t<div class=\"wpb_text_column wpb_content_element\" >\n\t\t<div class=\"wpb_wrapper\">\n\t\t\t<p>On y\u0131ll\u0131k deneyimle, Pharaoh Fiber, PET, PVC, PP ve do\u011fal liflerin \u00fcretiminde ustala\u015fm\u0131\u015ft\u0131r. Kaliteye, yenili\u011fe ve m\u00fc\u015fteri memnuniyetine olan ba\u011fl\u0131l\u0131\u011f\u0131m\u0131z sayesinde, m\u00fc\u015fterilerimizin \u00e7e\u015fitli ihtiya\u00e7lar\u0131na uygun geni\u015f bir \u00fcr\u00fcn yelpazesi sunuyoruz.<\/p>\n\n\t\t<\/div>\n\t<\/div>\n<\/div><\/div><\/div><\/div><div class=\"vc_row-full-width\"><\/div><div class=\"vc_row wpb_row vc_row-fluid\"><div class=\"wpb_column vc_column_container vc_col-sm-12\"><div class=\"vc_column-inner\"><div class=\"wpb_wrapper\"><\/div><\/div><\/div><\/div>\n<\/div>","protected":false},"excerpt":{"rendered":"Established in 1982 by Mr. Mostafa Azzam in Cairo, Egypt, Pharaoh Fiber has evolved from a small, family-run business into one of the leading monofilament producers in the region. With the addition of Mr. Azzam's sons, Khaled and Hatem, in the last decade, we have remained committed to our family values while surpassing competitors in [...]","protected":false},"author":1,"featured_media":0,"parent":0,"menu_order":0,"comment_status":"closed","ping_status":"closed","template":"","meta":{"footnotes":""},"class_list":["post-2822","page","type-page","status-publish","hentry"],"_links":{"self":[{"href":"http:\/\/pharaohs.com.tr\/tr\/wp-json\/wp\/v2\/pages\/2822","targetHints":{"allow":["GET"]}}],"collection":[{"href":"http:\/\/pharaohs.com.tr\/tr\/wp-json\/wp\/v2\/pages"}],"about":[{"href":"http:\/\/pharaohs.com.tr\/tr\/wp-json\/wp\/v2\/types\/page"}],"author":[{"embeddable":true,"href":"http:\/\/pharaohs.com.tr\/tr\/wp-json\/wp\/v2\/users\/1"}],"replies":[{"embeddable":true,"href":"http:\/\/pharaohs.com.tr\/tr\/wp-json\/wp\/v2\/comments?post=2822"}],"version-history":[{"count":9,"href":"http:\/\/pharaohs.com.tr\/tr\/wp-json\/wp\/v2\/pages\/2822\/revisions"}],"predecessor-version":[{"id":2994,"href":"http:\/\/pharaohs.com.tr\/tr\/wp-json\/wp\/v2\/pages\/2822\/revisions\/2994"}],"wp:attachment":[{"href":"http:\/\/pharaohs.com.tr\/tr\/wp-json\/wp\/v2\/media?parent=2822"}],"curies":[{"name":"wp","href":"https:\/\/api.w.org\/{rel}","templated":true}]}}