{"id":2995,"date":"2024-10-02T14:19:01","date_gmt":"2024-10-02T14:19:01","guid":{"rendered":"http:\/\/pharaohs.com.tr\/?page_id=2995"},"modified":"2024-10-02T14:25:52","modified_gmt":"2024-10-02T14:25:52","slug":"keynote","status":"publish","type":"page","link":"http:\/\/pharaohs.com.tr\/tr\/keynote\/","title":{"rendered":"\u00d6n S\u00f6z"},"content":{"rendered":"<div class=\"wpb-content-wrapper\"><div data-vc-full-width=\"true\" data-vc-full-width-init=\"false\" class=\"vc_row wpb_row vc_row-fluid about-section about-page vc_custom_1531366134122\"><div class=\"wpb_column vc_column_container vc_col-sm-12\"><div class=\"vc_column-inner\"><div class=\"wpb_wrapper\">\n\t<div class=\"wpb_text_column wpb_content_element\" >\n\t\t<div class=\"wpb_wrapper\">\n\t\t\t<p>Pharaohs olarak, bug\u00fcn burada sizlerle birlikte olman\u0131n mutlulu\u011funu ya\u015f\u0131yoruz. S\u00fcrd\u00fcr\u00fclebilirlik ve \u00e7evre dostu \u00fcretim anlay\u0131\u015f\u0131m\u0131z, \u015firketimizin temel de\u011ferlerinden biridir.<\/p>\n\n\t\t<\/div>\n\t<\/div>\n<div class=\"vc_empty_space\"   style=\"height: 30px\"><span class=\"vc_empty_space_inner\"><\/span><\/div>\n\t<div class=\"wpb_text_column wpb_content_element\" >\n\t\t<div class=\"wpb_wrapper\">\n\t\t\t<p>Geri d\u00f6n\u00fc\u015ft\u00fcr\u00fclm\u00fc\u015f polyester elyaf \u00fcretiminde \u00f6nc\u00fc bir firma olarak, y\u00fcksek kaliteli \u00fcr\u00fcnler sunman\u0131n yan\u0131 s\u0131ra, gelecek nesillere daha ya\u015fanabilir bir d\u00fcnya b\u0131rakma misyonunu da \u00fcstleniyoruz.<\/p>\n\n\t\t<\/div>\n\t<\/div>\n<div class=\"vc_empty_space\"   style=\"height: 30px\"><span class=\"vc_empty_space_inner\"><\/span><\/div>\n\t<div class=\"wpb_text_column wpb_content_element\" >\n\t\t<div class=\"wpb_wrapper\">\n\t\t\t<p>Geri d\u00f6n\u00fc\u015f\u00fcm, yeniden kullan\u0131m ve s\u00fcrd\u00fcr\u00fclebilirlik ilkeleri do\u011frultusunda, s\u00fcrekli olarak yenilik\u00e7i \u00e7\u00f6z\u00fcmler geli\u015ftirmeyi hedefliyoruz. Bug\u00fcn burada, hem sekt\u00f6rdeki geli\u015fmeleri hem de \u00e7evresel sorumluluklar\u0131m\u0131z\u0131 ele alacak, i\u015fbirliklerimizi g\u00fc\u00e7lendirerek s\u00fcrd\u00fcr\u00fclebilir bir gelece\u011fe ad\u0131m atmay\u0131 ama\u00e7l\u0131yoruz.<\/p>\n\n\t\t<\/div>\n\t<\/div>\n<div class=\"vc_empty_space\"   style=\"height: 30px\"><span class=\"vc_empty_space_inner\"><\/span><\/div>\n\t<div class=\"wpb_text_column wpb_content_element\" >\n\t\t<div class=\"wpb_wrapper\">\n\t\t\t<p>Bu vesileyle, i\u015f ortaklar\u0131m\u0131zla olan ba\u011flar\u0131m\u0131z\u0131 daha da g\u00fc\u00e7lendirmek, yeni f\u0131rsatlar yaratmak ve birlikte daha ba\u015far\u0131l\u0131 projelere imza atmak i\u00e7in bir araya gelmi\u015f bulunuyoruz.<\/p>\n\n\t\t<\/div>\n\t<\/div>\n<div class=\"vc_empty_space\"   style=\"height: 30px\"><span class=\"vc_empty_space_inner\"><\/span><\/div>\n\t<div class=\"wpb_text_column wpb_content_element\" >\n\t\t<div class=\"wpb_wrapper\">\n\t\t\t<p>Her bir i\u015fbirli\u011finin, s\u00fcrd\u00fcr\u00fclebilirlik yolculu\u011fumuzda \u00f6nemli bir katk\u0131 sa\u011flad\u0131\u011f\u0131na inan\u0131yoruz.<\/p>\n\n\t\t<\/div>\n\t<\/div>\n<div class=\"vc_empty_space\"   style=\"height: 30px\"><span class=\"vc_empty_space_inner\"><\/span><\/div>\n\t<div class=\"wpb_text_column wpb_content_element\" >\n\t\t<div class=\"wpb_wrapper\">\n\t\t\t<p>Kat\u0131l\u0131m\u0131n\u0131z ve deste\u011finiz i\u00e7in te\u015fekk\u00fcr ederiz. Birlikte daha ye\u015fil bir d\u00fcnya yaratmak i\u00e7in el birli\u011fiyle \u00e7al\u0131\u015faca\u011f\u0131m\u0131za inan\u0131yoruz.<\/p>\n<p>Birlikte \u00e7al\u0131\u015fmak ve daha fazla ba\u015far\u0131lara imza atmak dileklerimle.<\/p>\n<p><img loading=\"lazy\" decoding=\"async\" class=\"alignnone size-full wp-image-2925\" src=\"http:\/\/pharaohs.com.tr\/wp-content\/uploads\/2024\/10\/gk01.png\" alt=\"\" width=\"238\" height=\"77\" \/><\/p>\n\n\t\t<\/div>\n\t<\/div>\n<\/div><\/div><\/div><\/div><div class=\"vc_row-full-width\"><\/div><div class=\"vc_row wpb_row vc_row-fluid\"><div class=\"wpb_column vc_column_container vc_col-sm-12\"><div class=\"vc_column-inner\"><div class=\"wpb_wrapper\"><\/div><\/div><\/div><\/div>\n<\/div>","protected":false},"excerpt":{"rendered":"Ladies and gentlemen. It is a great pleasure to be here today as the Manager for Turkey at Pharaoh Fiber. At Pharaoh Fiber, we pride ourselves on our rich history and commitment to quality, innovation, and sustainability. Since our founding in 1982, we have evolved from a family-run business into a leading producer of synthetic [...]","protected":false},"author":1,"featured_media":0,"parent":0,"menu_order":0,"comment_status":"closed","ping_status":"closed","template":"","meta":{"footnotes":""},"class_list":["post-2995","page","type-page","status-publish","hentry"],"_links":{"self":[{"href":"http:\/\/pharaohs.com.tr\/tr\/wp-json\/wp\/v2\/pages\/2995","targetHints":{"allow":["GET"]}}],"collection":[{"href":"http:\/\/pharaohs.com.tr\/tr\/wp-json\/wp\/v2\/pages"}],"about":[{"href":"http:\/\/pharaohs.com.tr\/tr\/wp-json\/wp\/v2\/types\/page"}],"author":[{"embeddable":true,"href":"http:\/\/pharaohs.com.tr\/tr\/wp-json\/wp\/v2\/users\/1"}],"replies":[{"embeddable":true,"href":"http:\/\/pharaohs.com.tr\/tr\/wp-json\/wp\/v2\/comments?post=2995"}],"version-history":[{"count":7,"href":"http:\/\/pharaohs.com.tr\/tr\/wp-json\/wp\/v2\/pages\/2995\/revisions"}],"predecessor-version":[{"id":3003,"href":"http:\/\/pharaohs.com.tr\/tr\/wp-json\/wp\/v2\/pages\/2995\/revisions\/3003"}],"wp:attachment":[{"href":"http:\/\/pharaohs.com.tr\/tr\/wp-json\/wp\/v2\/media?parent=2995"}],"curies":[{"name":"wp","href":"https:\/\/api.w.org\/{rel}","templated":true}]}}