{"id":3086,"date":"2024-10-02T20:37:46","date_gmt":"2024-10-02T20:37:46","guid":{"rendered":"http:\/\/pharaohs.com.tr\/?page_id=3086"},"modified":"2024-10-02T20:50:00","modified_gmt":"2024-10-02T20:50:00","slug":"sustainability","status":"publish","type":"page","link":"http:\/\/pharaohs.com.tr\/tr\/sustainability\/","title":{"rendered":"S\u00fcrd\u00fcr\u00fclebilirlik"},"content":{"rendered":"<div class=\"wpb-content-wrapper\"><div data-vc-full-width=\"true\" data-vc-full-width-init=\"false\" class=\"vc_row wpb_row vc_row-fluid about-section about-page vc_custom_1531366134122\"><div class=\"wpb_column vc_column_container vc_col-sm-12\"><div class=\"vc_column-inner\"><div class=\"wpb_wrapper\"><h2 style=\"color: #81d742;text-align: center\" class=\"vc_custom_heading vc_do_custom_heading\" >Geri D\u00f6n\u00fc\u015f\u00fcml\u00fc Polyester Elyaf<\/h2><div class=\"vc_empty_space\"   style=\"height: 32px\"><span class=\"vc_empty_space_inner\"><\/span><\/div>\n\t<div class=\"wpb_text_column wpb_content_element\" >\n\t\t<div class=\"wpb_wrapper\">\n\t\t\t<div class=\"vc_wpb_row_inner\">\n<div class=\"vc_row wpb_row vc_row-fluid padding-medium row-container\">\n<div class=\"container\">\n<div class=\"row\">\n<div class=\"wpb_column vc_column_container vc_col-sm-12\">\n<div class=\"vc_column-inner\">\n<div class=\"wpb_wrapper\">\n<div class=\"wpb_text_column wpb_content_element\">\n<div class=\"wpb_wrapper\">\n<div class=\"rotate-text\">\n<div class=\"second-text text-black\" style=\"text-align: center;\"><strong>Daha iyi bir gelecek i\u00e7in s\u00fcrd\u00fcr\u00fclebilir bir se\u00e7im. At\u0131\u011f\u0131 De\u011fere D\u00f6n\u00fc\u015ft\u00fcr\u00fcyoruz.<\/strong><\/div>\n<\/div>\n<\/div>\n<\/div>\n<\/div>\n<\/div>\n<\/div>\n<\/div>\n<\/div>\n<\/div>\n<\/div>\n\n\t\t<\/div>\n\t<\/div>\n<div class=\"vc_empty_space\"   style=\"height: 32px\"><span class=\"vc_empty_space_inner\"><\/span><\/div><h2 style=\"color: #81d742;text-align: center\" class=\"vc_custom_heading vc_do_custom_heading\" >S\u00fcrd\u00fcr\u00fclebilirlik<\/h2><div class=\"vc_empty_space\"   style=\"height: 32px\"><span class=\"vc_empty_space_inner\"><\/span><\/div>\n\t<div class=\"wpb_text_column wpb_content_element\" >\n\t\t<div class=\"wpb_wrapper\">\n\t\t\t<h2 class=\"title\" style=\"text-align: center;\"><\/h2>\n<p style=\"text-align: center;\"><strong>S\u00fcrd\u00fcr\u00fclebilir uygulamalar, \u00e7evrenin, insanlar\u0131n ve ekonominin sa\u011fl\u0131\u011f\u0131n\u0131 ve canl\u0131l\u0131\u011f\u0131n\u0131 destekler. S\u00fcrd\u00fcr\u00fclebilirlik, kaynaklar\u0131n s\u0131n\u0131rl\u0131 oldu\u011funu ve uzun vadeli sonu\u00e7lar\u0131 dikkate alarak ak\u0131ll\u0131ca ve verimli bir \u015fekilde kullan\u0131lmalar\u0131 gerekti\u011fini kabul eder.<\/strong><\/p>\n\n\t\t<\/div>\n\t<\/div>\n<div class=\"vc_empty_space\"   style=\"height: 30px\"><span class=\"vc_empty_space_inner\"><\/span><\/div><\/div><\/div><\/div><\/div><div class=\"vc_row-full-width\"><\/div><div data-vc-full-width=\"true\" data-vc-full-width-init=\"false\" class=\"vc_row wpb_row vc_row-fluid about-section about-page vc_custom_1531366134122\"><div class=\"wpb_column vc_column_container vc_col-sm-4\"><div class=\"vc_column-inner\"><div class=\"wpb_wrapper\"><h2 style=\"color: #81d742;text-align: center\" class=\"vc_custom_heading vc_do_custom_heading\" >\u0130nsana Taahh\u00fct<\/h2><div class=\"vc_empty_space\"   style=\"height: 32px\"><span class=\"vc_empty_space_inner\"><\/span><\/div>\n\t<div class=\"wpb_text_column wpb_content_element\" >\n\t\t<div class=\"wpb_wrapper\">\n\t\t\t<p style=\"text-align: center;\">S\u00fcrd\u00fcr\u00fclebilirli\u011fin \u00e7evre ile s\u0131n\u0131rl\u0131 kalmay\u0131p insanlara olan taahh\u00fcd\u00fcm\u00fcz\u00fc de kapsad\u0131\u011f\u0131na inan\u0131yoruz. \u00c7al\u0131\u015fanlar\u0131m\u0131z\u0131n sa\u011fl\u0131k, g\u00fcvenlik ve refah\u0131n\u0131 \u00f6n planda tutarak adil \u00e7al\u0131\u015fma ko\u015fullar\u0131 sa\u011fl\u0131yor ve g\u00fcvenli bir \u00e7al\u0131\u015fma ortam\u0131 sunuyoruz. Taahh\u00fcd\u00fcm\u00fcz ayr\u0131ca faaliyet g\u00f6sterdi\u011fimiz topluluklara da uzan\u0131yor; burada yerel kalk\u0131nmay\u0131 ve sosyal sorumlulu\u011fu destekleyen giri\u015fimlerde bulunuyoruz.<\/p>\n\n\t\t<\/div>\n\t<\/div>\n<\/div><\/div><\/div><div class=\"wpb_column vc_column_container vc_col-sm-4\"><div class=\"vc_column-inner\"><div class=\"wpb_wrapper\"><h2 style=\"color: #81d742;text-align: center\" class=\"vc_custom_heading vc_do_custom_heading\" >\u00c7evresel Taahh\u00fcd\u00fcm\u00fcz<\/h2><div class=\"vc_empty_space\"   style=\"height: 32px\"><span class=\"vc_empty_space_inner\"><\/span><\/div>\n\t<div class=\"wpb_text_column wpb_content_element\" >\n\t\t<div class=\"wpb_wrapper\">\n\t\t\t<p style=\"text-align: center;\">Pharaohs Fiber olarak, s\u00fcrd\u00fcr\u00fclebilir uygulamalar arac\u0131l\u0131\u011f\u0131yla \u00e7evreyi korumaya kendimizi ad\u0131yoruz. \u00dcretim s\u00fcrecimiz, at\u0131klar\u0131 en aza indirirken kaynaklar\u0131 korur ve sera gaz\u0131 emisyonlar\u0131n\u0131 azalt\u0131r. Polyester lifleri geri d\u00f6n\u00fc\u015ft\u00fcrerek yaln\u0131zca at\u0131k depolama alanlar\u0131n\u0131 azaltmakla kalm\u0131yor, ayn\u0131 zamanda bakir polyester talebini d\u00fc\u015f\u00fcrerek karbon ayak izimizi \u00f6nemli \u00f6l\u00e7\u00fcde azalt\u0131yoruz.<\/p>\n\n\t\t<\/div>\n\t<\/div>\n<h2 style=\"color: #81d742;text-align: center\" class=\"vc_custom_heading vc_do_custom_heading\" >Yolculu\u011fumuza Kat\u0131l\u0131n<\/h2><div class=\"vc_empty_space\"   style=\"height: 32px\"><span class=\"vc_empty_space_inner\"><\/span><\/div>\n\t<div class=\"wpb_text_column wpb_content_element\" >\n\t\t<div class=\"wpb_wrapper\">\n\t\t\t<p style=\"text-align: center;\">S\u00fcrd\u00fcr\u00fclebilirlik, toplu bir \u00e7abad\u0131r ve bu yolculukta bizimle birlikte olman\u0131z\u0131 davet ediyoruz. Pharaohs\u2019\u0131n geri d\u00f6n\u00fc\u015ft\u00fcr\u00fclm\u00fc\u015f polyester liflerini tercih ederek, daha s\u00fcrd\u00fcr\u00fclebilir bir gelece\u011fi desteklemek i\u00e7in bilin\u00e7li bir tercih yapm\u0131\u015f oluyorsunuz. Birlikte, at\u0131klar\u0131 de\u011ferlendirip, gelecek nesiller i\u00e7in daha iyi bir d\u00fcnya yaratabiliriz.<\/p>\n\n\t\t<\/div>\n\t<\/div>\n<\/div><\/div><\/div><div class=\"wpb_column vc_column_container vc_col-sm-4\"><div class=\"vc_column-inner\"><div class=\"wpb_wrapper\"><h2 style=\"color: #81d742;text-align: center\" class=\"vc_custom_heading vc_do_custom_heading\" >Gelece\u011fe Taahh\u00fcd\u00fcm\u00fcz<\/h2><div class=\"vc_empty_space\"   style=\"height: 32px\"><span class=\"vc_empty_space_inner\"><\/span><\/div>\n\t<div class=\"wpb_text_column wpb_content_element\" >\n\t\t<div class=\"wpb_wrapper\">\n\t\t\t<p style=\"text-align: center;\">S\u00fcrd\u00fcr\u00fclebilirli\u011fin \u00e7evre ile s\u0131n\u0131rl\u0131 kalmay\u0131p insanlara olan taahh\u00fcd\u00fcm\u00fcz\u00fc de kapsad\u0131\u011f\u0131na inan\u0131yoruz. \u00c7al\u0131\u015fanlar\u0131m\u0131z\u0131n sa\u011fl\u0131k, g\u00fcvenlik ve refah\u0131n\u0131 \u00f6n planda tutarak adil \u00e7al\u0131\u015fma ko\u015fullar\u0131 sa\u011fl\u0131yor ve g\u00fcvenli bir \u00e7al\u0131\u015fma ortam\u0131 sunuyoruz. Taahh\u00fcd\u00fcm\u00fcz ayr\u0131ca faaliyet g\u00f6sterdi\u011fimiz topluluklara da uzan\u0131yor; burada yerel kalk\u0131nmay\u0131 ve sosyal sorumlulu\u011fu destekleyen giri\u015fimlerde bulunuyoruz.<\/p>\n\n\t\t<\/div>\n\t<\/div>\n<\/div><\/div><\/div><\/div><div class=\"vc_row-full-width\"><\/div><div class=\"vc_row wpb_row vc_row-fluid\"><div class=\"wpb_column vc_column_container vc_col-sm-12\"><div class=\"vc_column-inner\"><div class=\"wpb_wrapper\"><\/div><\/div><\/div><\/div>\n<\/div>","protected":false},"excerpt":{"rendered":"Recycled Polyester Staple Fiber The sustainable choice for a better future. Transforming Waste into Value Sustainability Sustainable practices support the health and vitality of the environment, people, and the economy. Sustainability recognizes that resources are limited and should be used wisely and efficiently, considering the long-term consequences. Human Commitment We believe that sustainability extends beyond [...]","protected":false},"author":1,"featured_media":0,"parent":0,"menu_order":0,"comment_status":"closed","ping_status":"closed","template":"","meta":{"footnotes":""},"class_list":["post-3086","page","type-page","status-publish","hentry"],"_links":{"self":[{"href":"http:\/\/pharaohs.com.tr\/tr\/wp-json\/wp\/v2\/pages\/3086","targetHints":{"allow":["GET"]}}],"collection":[{"href":"http:\/\/pharaohs.com.tr\/tr\/wp-json\/wp\/v2\/pages"}],"about":[{"href":"http:\/\/pharaohs.com.tr\/tr\/wp-json\/wp\/v2\/types\/page"}],"author":[{"embeddable":true,"href":"http:\/\/pharaohs.com.tr\/tr\/wp-json\/wp\/v2\/users\/1"}],"replies":[{"embeddable":true,"href":"http:\/\/pharaohs.com.tr\/tr\/wp-json\/wp\/v2\/comments?post=3086"}],"version-history":[{"count":6,"href":"http:\/\/pharaohs.com.tr\/tr\/wp-json\/wp\/v2\/pages\/3086\/revisions"}],"predecessor-version":[{"id":3093,"href":"http:\/\/pharaohs.com.tr\/tr\/wp-json\/wp\/v2\/pages\/3086\/revisions\/3093"}],"wp:attachment":[{"href":"http:\/\/pharaohs.com.tr\/tr\/wp-json\/wp\/v2\/media?parent=3086"}],"curies":[{"name":"wp","href":"https:\/\/api.w.org\/{rel}","templated":true}]}}