{"id":3099,"date":"2024-10-02T22:03:05","date_gmt":"2024-10-02T22:03:05","guid":{"rendered":"http:\/\/pharaohs.com.tr\/?page_id=3099"},"modified":"2024-10-02T22:10:41","modified_gmt":"2024-10-02T22:10:41","slug":"vision-mission","status":"publish","type":"page","link":"http:\/\/pharaohs.com.tr\/tr\/vision-mission\/","title":{"rendered":"Vizyon &amp; Misyon"},"content":{"rendered":"<div class=\"wpb-content-wrapper\"><div data-vc-full-width=\"true\" data-vc-full-width-init=\"false\" class=\"vc_row wpb_row vc_row-fluid about-section about-page vc_custom_1531366134122\"><div class=\"wpb_column vc_column_container vc_col-sm-6\"><div class=\"vc_column-inner\"><div class=\"wpb_wrapper\"><h2 style=\"text-align: left\" class=\"vc_custom_heading vc_do_custom_heading\" >Vizyonumuz<\/h2><div class=\"vc_separator wpb_content_element vc_separator_align_center vc_sep_width_70 vc_sep_pos_align_left vc_separator_no_text vc_sep_color_grey wpb_content_element  wpb_content_element\" ><span class=\"vc_sep_holder vc_sep_holder_l\"><span class=\"vc_sep_line\"><\/span><\/span><span class=\"vc_sep_holder vc_sep_holder_r\"><span class=\"vc_sep_line\"><\/span><\/span>\n<\/div>\n\t<div class=\"wpb_text_column wpb_content_element\" >\n\t\t<div class=\"wpb_wrapper\">\n\t\t\t<p>Pharaoh Fiber olarak, s\u00fcrd\u00fcr\u00fclebilir polyester elyaf\u0131n \u00f6nc\u00fc sa\u011flay\u0131c\u0131s\u0131 olmay\u0131 ve yenilik\u00e7ilik ile \u00e7evresel sorumlulukla sekt\u00f6r\u00fcm\u00fcz\u00fc d\u00f6n\u00fc\u015ft\u00fcrmeyi hedefliyoruz. M\u00fc\u015fterilerimize en y\u00fcksek kalitede \u00fcr\u00fcnler sunarak, d\u00fcnyam\u0131z i\u00e7in daha iyi bir gelecek in\u015fa etmeye kararl\u0131y\u0131z.<\/p>\n<p><img loading=\"lazy\" decoding=\"async\" class=\"alignnone size-full wp-image-3044\" src=\"http:\/\/pharaohs.com.tr\/wp-content\/uploads\/2024\/10\/r002.jpg\" alt=\"\" width=\"200\" height=\"200\" srcset=\"http:\/\/pharaohs.com.tr\/wp-content\/uploads\/2024\/10\/r002.jpg 200w, http:\/\/pharaohs.com.tr\/wp-content\/uploads\/2024\/10\/r002-150x150.jpg 150w\" sizes=\"auto, (max-width: 200px) 100vw, 200px\" \/><\/p>\n\n\t\t<\/div>\n\t<\/div>\n<\/div><\/div><\/div><div class=\"wpb_column vc_column_container vc_col-sm-6\"><div class=\"vc_column-inner\"><div class=\"wpb_wrapper\"><h2 style=\"text-align: right\" class=\"vc_custom_heading vc_do_custom_heading\" >Misyonumuz<\/h2><div class=\"vc_separator wpb_content_element vc_separator_align_center vc_sep_width_70 vc_sep_pos_align_right vc_separator_no_text vc_sep_color_grey wpb_content_element  wpb_content_element\" ><span class=\"vc_sep_holder vc_sep_holder_l\"><span class=\"vc_sep_line\"><\/span><\/span><span class=\"vc_sep_holder vc_sep_holder_r\"><span class=\"vc_sep_line\"><\/span><\/span>\n<\/div>\n\t<div class=\"wpb_text_column wpb_content_element\" >\n\t\t<div class=\"wpb_wrapper\">\n\t\t\t<p>Misyonumuz, geri d\u00f6n\u00fc\u015ft\u00fcr\u00fclm\u00fc\u015f polyester lifler \u00fcretirken, kalite, g\u00fcvenilirlik ve m\u00fc\u015fteri memnuniyetini \u00f6n planda tutmakt\u0131r. \u00c7al\u0131\u015fanlar\u0131m\u0131z\u0131n sa\u011fl\u0131\u011f\u0131n\u0131 ve g\u00fcvenli\u011fini sa\u011flamakla birlikte, toplum ve \u00e7evre \u00fczerinde olumlu bir etki yaratmak i\u00e7in sorumluluk al\u0131yoruz. S\u00fcrd\u00fcr\u00fclebilir uygulamalarla end\u00fcstrilerimizi desteklemek ve herkes i\u00e7in daha iyi bir d\u00fcnya yaratmak i\u00e7in \u00e7al\u0131\u015f\u0131yoruz.<\/p>\n<ul>\n<li><strong>Kalite :<\/strong> We are committed to ensuring our products consistently exceed industry standards by implementing rigorous quality control measures and utilizing top-grade materials.<\/li>\n<li><strong>Yenilik\u00e7ilik :<\/strong> \u00dcr\u00fcn performans\u0131n\u0131 art\u0131r\u0131rken \u00e7evresel etkilerimizi en aza indirmek i\u00e7in s\u00fcre\u00e7lerimizi ve teknolojilerimizi s\u00fcrekli olarak geli\u015ftirmeye kararl\u0131y\u0131z.<\/li>\n<li><strong>M\u00fc\u015fteri Oda\u011f\u0131<\/strong> M\u00fc\u015fterilerimizin benzersiz ihtiya\u00e7lar\u0131n\u0131 anlayarak onlarla uzun vadeli ili\u015fkiler kurmak ve \u00f6zel \u00e7\u00f6z\u00fcmler sunmak.<\/li>\n<li><strong>S\u00fcrd\u00fcr\u00fclebilirlik<\/strong> At\u0131klar\u0131 en aza indiren, kaynaklar\u0131 koruyan ve d\u00f6ng\u00fcsel ekonomiyi te\u015fvik eden \u00e7evre dostu uygulamalara ba\u011fl\u0131 kalmak.<\/li>\n<\/ul>\n<p>Birlikte, i\u015f ba\u015far\u0131s\u0131 ve \u00e7evresel sorumlulu\u011fun el ele gitti\u011fi s\u00fcrd\u00fcr\u00fclebilir bir gelecek yaratmay\u0131 hedefliyoruz.<\/p>\n\n\t\t<\/div>\n\t<\/div>\n<\/div><\/div><\/div><\/div><div class=\"vc_row-full-width\"><\/div>\n<\/div>","protected":false},"excerpt":{"rendered":"Vision Statement At Pharaoh Fiber, our vision is to be the leading provider of sustainable polyester fibers, recognized globally for our innovation, quality, and commitment to environmental stewardship. We strive to transform the textile and manufacturing industries by offering high-quality, eco-friendly products that contribute to a healthier planet and a brighter future for generations to [...]","protected":false},"author":1,"featured_media":0,"parent":0,"menu_order":0,"comment_status":"closed","ping_status":"closed","template":"","meta":{"footnotes":""},"class_list":["post-3099","page","type-page","status-publish","hentry"],"_links":{"self":[{"href":"http:\/\/pharaohs.com.tr\/tr\/wp-json\/wp\/v2\/pages\/3099","targetHints":{"allow":["GET"]}}],"collection":[{"href":"http:\/\/pharaohs.com.tr\/tr\/wp-json\/wp\/v2\/pages"}],"about":[{"href":"http:\/\/pharaohs.com.tr\/tr\/wp-json\/wp\/v2\/types\/page"}],"author":[{"embeddable":true,"href":"http:\/\/pharaohs.com.tr\/tr\/wp-json\/wp\/v2\/users\/1"}],"replies":[{"embeddable":true,"href":"http:\/\/pharaohs.com.tr\/tr\/wp-json\/wp\/v2\/comments?post=3099"}],"version-history":[{"count":5,"href":"http:\/\/pharaohs.com.tr\/tr\/wp-json\/wp\/v2\/pages\/3099\/revisions"}],"predecessor-version":[{"id":3105,"href":"http:\/\/pharaohs.com.tr\/tr\/wp-json\/wp\/v2\/pages\/3099\/revisions\/3105"}],"wp:attachment":[{"href":"http:\/\/pharaohs.com.tr\/tr\/wp-json\/wp\/v2\/media?parent=3099"}],"curies":[{"name":"wp","href":"https:\/\/api.w.org\/{rel}","templated":true}]}}